{"id":5,"date":"2024-05-29T10:53:26","date_gmt":"2024-05-29T08:53:26","guid":{"rendered":"http:\/\/www.cvdl-energies.com\/?page_id=5"},"modified":"2024-05-31T10:09:59","modified_gmt":"2024-05-31T08:09:59","slug":"rendez-vous-telephonique","status":"publish","type":"page","link":"https:\/\/www.cvdl-energies.com\/","title":{"rendered":"Rendez-vous t\u00e9l\u00e9phonique"},"content":{"rendered":"\n<p>Ch\u00e8re cliente, cher client,<\/p>\n\n\n\n<p>Nous vous invitons \u00e0 prendre rendez-vous avec l&rsquo;un de nos conseillers pour discuter ensemble de votre projet de r\u00e9novation \u00e9nerg\u00e9tique.<\/p>\n\n\n\n<p>Cet entretien vous permettra de d\u00e9couvrir l&rsquo;\u00e9tendue de notre offre, destin\u00e9e \u00e0 l&rsquo;accompagnement technique et financier des projets de r\u00e9novation \u00e9nerg\u00e9tique d&rsquo;envergure en r\u00e9gion Centre-Val de Loire.<\/p>\n\n\n\n<div class=\"wp-block-amelia-step-booking-gutenberg-block\">\n<script>\n  if (typeof hasAmeliaEntitiesApiCall === 'undefined' && '' === '') {\n    var hasAmeliaEntitiesApiCall = true;\n  }\n  var ameliaShortcodeData = (typeof ameliaShortcodeData === 'undefined') ? [] : ameliaShortcodeData;\n  ameliaShortcodeData.push(\n    {\n      'hasApiCall': (typeof hasAmeliaEntitiesApiCall !== 'undefined') && hasAmeliaEntitiesApiCall,\n      'trigger': '',\n      'trigger_type': '',\n      'triggered_form': 'sbsNew',\n      'in_dialog': '',\n      'show': '',\n      'counter': '1000',\n      'category': '',\n      'service': '',\n      'employee': '',\n      'location': '',\n      'package': ''\n    }\n  );\n\n  var ameliaShortcodeDataTriggered = (typeof ameliaShortcodeDataTriggered === 'undefined') ? [] : ameliaShortcodeDataTriggered;\n  if (ameliaShortcodeData[ameliaShortcodeData.length - 1].trigger !== '') {\n    if (ameliaShortcodeDataTriggered.filter(a => a.counter === ameliaShortcodeData[ameliaShortcodeData.length - 1].counter).length === 0) {\n      ameliaShortcodeDataTriggered.push(ameliaShortcodeData.pop());\n    } else {\n      ameliaShortcodeData.pop()\n    }\n  }\n  if (typeof hasAmeliaEntitiesApiCall !== 'undefined' && hasAmeliaEntitiesApiCall) {\n    hasAmeliaEntitiesApiCall = false;\n  }\n<\/script>\n\n<div\n  id=\"amelia-v2-booking-1000\"\n  class=\"amelia-v2-booking\"\n >\n    <step-form-wrapper><\/step-form-wrapper><\/div>\n<\/div>\n","protected":false},"excerpt":{"rendered":"<p>Ch\u00e8re cliente, cher client, Nous vous invitons \u00e0 prendre rendez-vous avec l&rsquo;un de nos conseillers pour discuter ensemble de votre projet de r\u00e9novation \u00e9nerg\u00e9tique. Cet entretien vous permettra de d\u00e9couvrir l&rsquo;\u00e9tendue de notre offre, destin\u00e9e \u00e0 l&rsquo;accompagnement technique et financier des projets de r\u00e9novation \u00e9nerg\u00e9tique d&rsquo;envergure en r\u00e9gion Centre-Val de Loire.<\/p>\n","protected":false},"author":1,"featured_media":0,"parent":0,"menu_order":0,"comment_status":"closed","ping_status":"closed","template":"","meta":{"footnotes":""},"class_list":["post-5","page","type-page","status-publish","hentry","entry"],"_links":{"self":[{"href":"https:\/\/www.cvdl-energies.com\/index.php\/wp-json\/wp\/v2\/pages\/5","targetHints":{"allow":["GET"]}}],"collection":[{"href":"https:\/\/www.cvdl-energies.com\/index.php\/wp-json\/wp\/v2\/pages"}],"about":[{"href":"https:\/\/www.cvdl-energies.com\/index.php\/wp-json\/wp\/v2\/types\/page"}],"author":[{"embeddable":true,"href":"https:\/\/www.cvdl-energies.com\/index.php\/wp-json\/wp\/v2\/users\/1"}],"replies":[{"embeddable":true,"href":"https:\/\/www.cvdl-energies.com\/index.php\/wp-json\/wp\/v2\/comments?post=5"}],"version-history":[{"count":12,"href":"https:\/\/www.cvdl-energies.com\/index.php\/wp-json\/wp\/v2\/pages\/5\/revisions"}],"predecessor-version":[{"id":53,"href":"https:\/\/www.cvdl-energies.com\/index.php\/wp-json\/wp\/v2\/pages\/5\/revisions\/53"}],"wp:attachment":[{"href":"https:\/\/www.cvdl-energies.com\/index.php\/wp-json\/wp\/v2\/media?parent=5"}],"curies":[{"name":"wp","href":"https:\/\/api.w.org\/{rel}","templated":true}]}}